{"id":26,"date":"2021-05-04T15:45:16","date_gmt":"2021-05-04T13:45:16","guid":{"rendered":"https:\/\/www.salloum.eu\/?page_id=26"},"modified":"2021-09-03T11:53:21","modified_gmt":"2021-09-03T09:53:21","slug":"leistungen","status":"publish","type":"page","link":"https:\/\/www.salloum.eu\/de\/leistungen\/","title":{"rendered":"Leistungen"},"content":{"rendered":"","protected":false},"excerpt":{"rendered":"<p>Lorem ipsum dolor sit amet, consetetur sadipscing elitr, sed diam nonumy eirmod tempor invidunt ut labore et dolore magna aliquyam erat, sed diam voluptua.<\/p>\n","protected":false},"author":1,"featured_media":0,"parent":0,"menu_order":0,"comment_status":"closed","ping_status":"closed","template":"","meta":{"_acf_changed":false,"footnotes":""},"class_list":["post-26","page","type-page","status-publish","hentry"],"acf":[],"yoast_head":"<!-- This site is optimized with the Yoast SEO plugin v23.0 - https:\/\/yoast.com\/wordpress\/plugins\/seo\/ -->\n<title>Leistungen auf Schiene, Stra\u00dfe und Wasser<\/title>\n<meta name=\"description\" content=\"Wir transportieren Fahrzeuge auf Schiene, Stra\u00dfe und Wasser und \u00fcbernehmen an unseren Standorten den gesamten Service rund um das Automobil\" \/>\n<meta name=\"robots\" content=\"index, follow, max-snippet:-1, max-image-preview:large, max-video-preview:-1\" \/>\n<link rel=\"canonical\" href=\"https:\/\/www.salloum.eu\/leistungen\/\" \/>\n<meta property=\"og:locale\" content=\"de_DE\" \/>\n<meta property=\"og:type\" content=\"article\" \/>\n<meta property=\"og:title\" content=\"Leistungen auf Schiene, Stra\u00dfe und Wasser\" \/>\n<meta property=\"og:description\" content=\"Wir transportieren Fahrzeuge auf Schiene, Stra\u00dfe und Wasser und \u00fcbernehmen an unseren Standorten den gesamten Service rund um das Automobil\" \/>\n<meta property=\"og:url\" content=\"https:\/\/www.salloum.eu\/leistungen\/\" \/>\n<meta property=\"og:site_name\" content=\"Salloum Logistics GmbH\" \/>\n<meta property=\"article:publisher\" content=\"https:\/\/www.facebook.com\/SalloumLogistics\" \/>\n<meta property=\"article:modified_time\" content=\"2021-09-03T09:53:21+00:00\" \/>\n<meta name=\"twitter:card\" content=\"summary_large_image\" \/>\n<script type=\"application\/ld+json\" class=\"yoast-schema-graph\">{\"@context\":\"https:\/\/schema.org\",\"@graph\":[{\"@type\":\"WebPage\",\"@id\":\"https:\/\/www.salloum.eu\/leistungen\/\",\"url\":\"https:\/\/www.salloum.eu\/leistungen\/\",\"name\":\"Leistungen auf Schiene, Stra\u00dfe und Wasser\",\"isPartOf\":{\"@id\":\"https:\/\/www.salloum.eu\/#website\"},\"datePublished\":\"2021-05-04T13:45:16+00:00\",\"dateModified\":\"2021-09-03T09:53:21+00:00\",\"description\":\"Wir transportieren Fahrzeuge auf Schiene, Stra\u00dfe und Wasser und \u00fcbernehmen an unseren Standorten den gesamten Service rund um das Automobil\",\"breadcrumb\":{\"@id\":\"https:\/\/www.salloum.eu\/leistungen\/#breadcrumb\"},\"inLanguage\":\"de\",\"potentialAction\":[{\"@type\":\"ReadAction\",\"target\":[\"https:\/\/www.salloum.eu\/leistungen\/\"]}]},{\"@type\":\"BreadcrumbList\",\"@id\":\"https:\/\/www.salloum.eu\/leistungen\/#breadcrumb\",\"itemListElement\":[{\"@type\":\"ListItem\",\"position\":1,\"name\":\"Startseite\",\"item\":\"https:\/\/www.salloum.eu\/de\/\"},{\"@type\":\"ListItem\",\"position\":2,\"name\":\"Leistungen\"}]},{\"@type\":\"WebSite\",\"@id\":\"https:\/\/www.salloum.eu\/#website\",\"url\":\"https:\/\/www.salloum.eu\/\",\"name\":\"Salloum Logistics GmbH\",\"description\":\"\",\"publisher\":{\"@id\":\"https:\/\/www.salloum.eu\/#organization\"},\"potentialAction\":[{\"@type\":\"SearchAction\",\"target\":{\"@type\":\"EntryPoint\",\"urlTemplate\":\"https:\/\/www.salloum.eu\/?s={search_term_string}\"},\"query-input\":\"required name=search_term_string\"}],\"inLanguage\":\"de\"},{\"@type\":\"Organization\",\"@id\":\"https:\/\/www.salloum.eu\/#organization\",\"name\":\"Salloum Logistics GmbH\",\"url\":\"https:\/\/www.salloum.eu\/\",\"logo\":{\"@type\":\"ImageObject\",\"inLanguage\":\"de\",\"@id\":\"https:\/\/www.salloum.eu\/#\/schema\/logo\/image\/\",\"url\":\"https:\/\/www.salloum.eu\/wp-content\/uploads\/2021\/06\/salloum-standort.jpg\",\"contentUrl\":\"https:\/\/www.salloum.eu\/wp-content\/uploads\/2021\/06\/salloum-standort.jpg\",\"width\":1400,\"height\":673,\"caption\":\"Salloum Logistics GmbH\"},\"image\":{\"@id\":\"https:\/\/www.salloum.eu\/#\/schema\/logo\/image\/\"},\"sameAs\":[\"https:\/\/www.facebook.com\/SalloumLogistics\",\"https:\/\/www.instagram.com\/salloumlogistics\/?hl=de\",\"https:\/\/de.linkedin.com\/company\/salloum-logistics-gmbh\"]}]}<\/script>\n<!-- \/ Yoast SEO plugin. -->","yoast_head_json":{"title":"Leistungen auf Schiene, Stra\u00dfe und Wasser","description":"Wir transportieren Fahrzeuge auf Schiene, Stra\u00dfe und Wasser und \u00fcbernehmen an unseren Standorten den gesamten Service rund um das Automobil","robots":{"index":"index","follow":"follow","max-snippet":"max-snippet:-1","max-image-preview":"max-image-preview:large","max-video-preview":"max-video-preview:-1"},"canonical":"https:\/\/www.salloum.eu\/leistungen\/","og_locale":"de_DE","og_type":"article","og_title":"Leistungen auf Schiene, Stra\u00dfe und Wasser","og_description":"Wir transportieren Fahrzeuge auf Schiene, Stra\u00dfe und Wasser und \u00fcbernehmen an unseren Standorten den gesamten Service rund um das Automobil","og_url":"https:\/\/www.salloum.eu\/leistungen\/","og_site_name":"Salloum Logistics GmbH","article_publisher":"https:\/\/www.facebook.com\/SalloumLogistics","article_modified_time":"2021-09-03T09:53:21+00:00","twitter_card":"summary_large_image","schema":{"@context":"https:\/\/schema.org","@graph":[{"@type":"WebPage","@id":"https:\/\/www.salloum.eu\/leistungen\/","url":"https:\/\/www.salloum.eu\/leistungen\/","name":"Leistungen auf Schiene, Stra\u00dfe und Wasser","isPartOf":{"@id":"https:\/\/www.salloum.eu\/#website"},"datePublished":"2021-05-04T13:45:16+00:00","dateModified":"2021-09-03T09:53:21+00:00","description":"Wir transportieren Fahrzeuge auf Schiene, Stra\u00dfe und Wasser und \u00fcbernehmen an unseren Standorten den gesamten Service rund um das Automobil","breadcrumb":{"@id":"https:\/\/www.salloum.eu\/leistungen\/#breadcrumb"},"inLanguage":"de","potentialAction":[{"@type":"ReadAction","target":["https:\/\/www.salloum.eu\/leistungen\/"]}]},{"@type":"BreadcrumbList","@id":"https:\/\/www.salloum.eu\/leistungen\/#breadcrumb","itemListElement":[{"@type":"ListItem","position":1,"name":"Startseite","item":"https:\/\/www.salloum.eu\/de\/"},{"@type":"ListItem","position":2,"name":"Leistungen"}]},{"@type":"WebSite","@id":"https:\/\/www.salloum.eu\/#website","url":"https:\/\/www.salloum.eu\/","name":"Salloum Logistics GmbH","description":"","publisher":{"@id":"https:\/\/www.salloum.eu\/#organization"},"potentialAction":[{"@type":"SearchAction","target":{"@type":"EntryPoint","urlTemplate":"https:\/\/www.salloum.eu\/?s={search_term_string}"},"query-input":"required name=search_term_string"}],"inLanguage":"de"},{"@type":"Organization","@id":"https:\/\/www.salloum.eu\/#organization","name":"Salloum Logistics GmbH","url":"https:\/\/www.salloum.eu\/","logo":{"@type":"ImageObject","inLanguage":"de","@id":"https:\/\/www.salloum.eu\/#\/schema\/logo\/image\/","url":"https:\/\/www.salloum.eu\/wp-content\/uploads\/2021\/06\/salloum-standort.jpg","contentUrl":"https:\/\/www.salloum.eu\/wp-content\/uploads\/2021\/06\/salloum-standort.jpg","width":1400,"height":673,"caption":"Salloum Logistics GmbH"},"image":{"@id":"https:\/\/www.salloum.eu\/#\/schema\/logo\/image\/"},"sameAs":["https:\/\/www.facebook.com\/SalloumLogistics","https:\/\/www.instagram.com\/salloumlogistics\/?hl=de","https:\/\/de.linkedin.com\/company\/salloum-logistics-gmbh"]}]}},"_links":{"self":[{"href":"https:\/\/www.salloum.eu\/de\/wp-json\/wp\/v2\/pages\/26"}],"collection":[{"href":"https:\/\/www.salloum.eu\/de\/wp-json\/wp\/v2\/pages"}],"about":[{"href":"https:\/\/www.salloum.eu\/de\/wp-json\/wp\/v2\/types\/page"}],"author":[{"embeddable":true,"href":"https:\/\/www.salloum.eu\/de\/wp-json\/wp\/v2\/users\/1"}],"replies":[{"embeddable":true,"href":"https:\/\/www.salloum.eu\/de\/wp-json\/wp\/v2\/comments?post=26"}],"version-history":[{"count":8,"href":"https:\/\/www.salloum.eu\/de\/wp-json\/wp\/v2\/pages\/26\/revisions"}],"predecessor-version":[{"id":467,"href":"https:\/\/www.salloum.eu\/de\/wp-json\/wp\/v2\/pages\/26\/revisions\/467"}],"wp:attachment":[{"href":"https:\/\/www.salloum.eu\/de\/wp-json\/wp\/v2\/media?parent=26"}],"curies":[{"name":"wp","href":"https:\/\/api.w.org\/{rel}","templated":true}]}}