{"id":36,"date":"2021-05-04T15:46:08","date_gmt":"2021-05-04T13:46:08","guid":{"rendered":"https:\/\/www.salloum.eu\/?page_id=36"},"modified":"2025-03-11T09:55:45","modified_gmt":"2025-03-11T08:55:45","slug":"seefracht","status":"publish","type":"page","link":"https:\/\/www.salloum.eu\/de\/leistungen\/seefracht\/","title":{"rendered":"Seefracht"},"content":{"rendered":"","protected":false},"excerpt":{"rendered":"<p>In uns finden Sie daher Ihren Partner f\u00fcr Qualit\u00e4t und schnelle Umsetzung Ihrer individuellen Anforderungen im Bereich der Fahrzeugverschiffung. Profitieren auch Sie von unseren Leistungen und weltweiten Verbindungen in den Bereichen der Seefracht.<\/p>\n","protected":false},"author":1,"featured_media":0,"parent":26,"menu_order":0,"comment_status":"closed","ping_status":"closed","template":"","meta":{"_acf_changed":false,"footnotes":""},"class_list":["post-36","page","type-page","status-publish","hentry"],"acf":[],"yoast_head":"<!-- This site is optimized with the Yoast SEO plugin v23.0 - https:\/\/yoast.com\/wordpress\/plugins\/seo\/ -->\n<title>Seefracht - Verschiffung f\u00fcr OEMs sowie f\u00fcr H\u00e4ndler und Privatkunden<\/title>\n<meta name=\"description\" content=\"Profitieren auch Sie von unseren Leistungen und weltweiten Verbindungen in den Bereichen der Seefracht.\" \/>\n<meta name=\"robots\" content=\"index, follow, max-snippet:-1, max-image-preview:large, max-video-preview:-1\" \/>\n<link rel=\"canonical\" href=\"https:\/\/www.salloum.eu\/de\/leistungen\/seefracht\/\" \/>\n<meta property=\"og:locale\" content=\"de_DE\" \/>\n<meta property=\"og:type\" content=\"article\" \/>\n<meta property=\"og:title\" content=\"Seefracht - Verschiffung f\u00fcr OEMs sowie f\u00fcr H\u00e4ndler und Privatkunden\" \/>\n<meta property=\"og:description\" content=\"Profitieren auch Sie von unseren Leistungen und weltweiten Verbindungen in den Bereichen der Seefracht.\" \/>\n<meta property=\"og:url\" content=\"https:\/\/www.salloum.eu\/de\/leistungen\/seefracht\/\" \/>\n<meta property=\"og:site_name\" content=\"Salloum Logistics GmbH\" \/>\n<meta property=\"article:publisher\" content=\"https:\/\/www.facebook.com\/SalloumLogistics\" \/>\n<meta property=\"article:modified_time\" content=\"2025-03-11T08:55:45+00:00\" \/>\n<meta name=\"twitter:card\" content=\"summary_large_image\" \/>\n<meta name=\"twitter:label1\" content=\"Gesch\u00e4tzte Lesezeit\" \/>\n\t<meta name=\"twitter:data1\" content=\"1\u00a0Minute\" \/>\n<script type=\"application\/ld+json\" class=\"yoast-schema-graph\">{\"@context\":\"https:\/\/schema.org\",\"@graph\":[{\"@type\":\"WebPage\",\"@id\":\"https:\/\/www.salloum.eu\/de\/leistungen\/seefracht\/\",\"url\":\"https:\/\/www.salloum.eu\/de\/leistungen\/seefracht\/\",\"name\":\"Seefracht - Verschiffung f\u00fcr OEMs sowie f\u00fcr H\u00e4ndler und Privatkunden\",\"isPartOf\":{\"@id\":\"https:\/\/www.salloum.eu\/#website\"},\"datePublished\":\"2021-05-04T13:46:08+00:00\",\"dateModified\":\"2025-03-11T08:55:45+00:00\",\"description\":\"Profitieren auch Sie von unseren Leistungen und weltweiten Verbindungen in den Bereichen der Seefracht.\",\"breadcrumb\":{\"@id\":\"https:\/\/www.salloum.eu\/de\/leistungen\/seefracht\/#breadcrumb\"},\"inLanguage\":\"de\",\"potentialAction\":[{\"@type\":\"ReadAction\",\"target\":[\"https:\/\/www.salloum.eu\/de\/leistungen\/seefracht\/\"]}]},{\"@type\":\"BreadcrumbList\",\"@id\":\"https:\/\/www.salloum.eu\/de\/leistungen\/seefracht\/#breadcrumb\",\"itemListElement\":[{\"@type\":\"ListItem\",\"position\":1,\"name\":\"Startseite\",\"item\":\"https:\/\/www.salloum.eu\/de\/\"},{\"@type\":\"ListItem\",\"position\":2,\"name\":\"Leistungen\",\"item\":\"https:\/\/www.salloum.eu\/leistungen\/\"},{\"@type\":\"ListItem\",\"position\":3,\"name\":\"Seefracht\"}]},{\"@type\":\"WebSite\",\"@id\":\"https:\/\/www.salloum.eu\/#website\",\"url\":\"https:\/\/www.salloum.eu\/\",\"name\":\"Salloum Logistics GmbH\",\"description\":\"\",\"publisher\":{\"@id\":\"https:\/\/www.salloum.eu\/#organization\"},\"potentialAction\":[{\"@type\":\"SearchAction\",\"target\":{\"@type\":\"EntryPoint\",\"urlTemplate\":\"https:\/\/www.salloum.eu\/?s={search_term_string}\"},\"query-input\":\"required name=search_term_string\"}],\"inLanguage\":\"de\"},{\"@type\":\"Organization\",\"@id\":\"https:\/\/www.salloum.eu\/#organization\",\"name\":\"Salloum Logistics GmbH\",\"url\":\"https:\/\/www.salloum.eu\/\",\"logo\":{\"@type\":\"ImageObject\",\"inLanguage\":\"de\",\"@id\":\"https:\/\/www.salloum.eu\/#\/schema\/logo\/image\/\",\"url\":\"https:\/\/www.salloum.eu\/wp-content\/uploads\/2021\/06\/salloum-standort.jpg\",\"contentUrl\":\"https:\/\/www.salloum.eu\/wp-content\/uploads\/2021\/06\/salloum-standort.jpg\",\"width\":1400,\"height\":673,\"caption\":\"Salloum Logistics GmbH\"},\"image\":{\"@id\":\"https:\/\/www.salloum.eu\/#\/schema\/logo\/image\/\"},\"sameAs\":[\"https:\/\/www.facebook.com\/SalloumLogistics\",\"https:\/\/www.instagram.com\/salloumlogistics\/?hl=de\",\"https:\/\/de.linkedin.com\/company\/salloum-logistics-gmbh\"]}]}<\/script>\n<!-- \/ Yoast SEO plugin. -->","yoast_head_json":{"title":"Seefracht - Verschiffung f\u00fcr OEMs sowie f\u00fcr H\u00e4ndler und Privatkunden","description":"Profitieren auch Sie von unseren Leistungen und weltweiten Verbindungen in den Bereichen der Seefracht.","robots":{"index":"index","follow":"follow","max-snippet":"max-snippet:-1","max-image-preview":"max-image-preview:large","max-video-preview":"max-video-preview:-1"},"canonical":"https:\/\/www.salloum.eu\/de\/leistungen\/seefracht\/","og_locale":"de_DE","og_type":"article","og_title":"Seefracht - Verschiffung f\u00fcr OEMs sowie f\u00fcr H\u00e4ndler und Privatkunden","og_description":"Profitieren auch Sie von unseren Leistungen und weltweiten Verbindungen in den Bereichen der Seefracht.","og_url":"https:\/\/www.salloum.eu\/de\/leistungen\/seefracht\/","og_site_name":"Salloum Logistics GmbH","article_publisher":"https:\/\/www.facebook.com\/SalloumLogistics","article_modified_time":"2025-03-11T08:55:45+00:00","twitter_card":"summary_large_image","twitter_misc":{"Gesch\u00e4tzte Lesezeit":"1\u00a0Minute"},"schema":{"@context":"https:\/\/schema.org","@graph":[{"@type":"WebPage","@id":"https:\/\/www.salloum.eu\/de\/leistungen\/seefracht\/","url":"https:\/\/www.salloum.eu\/de\/leistungen\/seefracht\/","name":"Seefracht - Verschiffung f\u00fcr OEMs sowie f\u00fcr H\u00e4ndler und Privatkunden","isPartOf":{"@id":"https:\/\/www.salloum.eu\/#website"},"datePublished":"2021-05-04T13:46:08+00:00","dateModified":"2025-03-11T08:55:45+00:00","description":"Profitieren auch Sie von unseren Leistungen und weltweiten Verbindungen in den Bereichen der Seefracht.","breadcrumb":{"@id":"https:\/\/www.salloum.eu\/de\/leistungen\/seefracht\/#breadcrumb"},"inLanguage":"de","potentialAction":[{"@type":"ReadAction","target":["https:\/\/www.salloum.eu\/de\/leistungen\/seefracht\/"]}]},{"@type":"BreadcrumbList","@id":"https:\/\/www.salloum.eu\/de\/leistungen\/seefracht\/#breadcrumb","itemListElement":[{"@type":"ListItem","position":1,"name":"Startseite","item":"https:\/\/www.salloum.eu\/de\/"},{"@type":"ListItem","position":2,"name":"Leistungen","item":"https:\/\/www.salloum.eu\/leistungen\/"},{"@type":"ListItem","position":3,"name":"Seefracht"}]},{"@type":"WebSite","@id":"https:\/\/www.salloum.eu\/#website","url":"https:\/\/www.salloum.eu\/","name":"Salloum Logistics GmbH","description":"","publisher":{"@id":"https:\/\/www.salloum.eu\/#organization"},"potentialAction":[{"@type":"SearchAction","target":{"@type":"EntryPoint","urlTemplate":"https:\/\/www.salloum.eu\/?s={search_term_string}"},"query-input":"required name=search_term_string"}],"inLanguage":"de"},{"@type":"Organization","@id":"https:\/\/www.salloum.eu\/#organization","name":"Salloum Logistics GmbH","url":"https:\/\/www.salloum.eu\/","logo":{"@type":"ImageObject","inLanguage":"de","@id":"https:\/\/www.salloum.eu\/#\/schema\/logo\/image\/","url":"https:\/\/www.salloum.eu\/wp-content\/uploads\/2021\/06\/salloum-standort.jpg","contentUrl":"https:\/\/www.salloum.eu\/wp-content\/uploads\/2021\/06\/salloum-standort.jpg","width":1400,"height":673,"caption":"Salloum Logistics GmbH"},"image":{"@id":"https:\/\/www.salloum.eu\/#\/schema\/logo\/image\/"},"sameAs":["https:\/\/www.facebook.com\/SalloumLogistics","https:\/\/www.instagram.com\/salloumlogistics\/?hl=de","https:\/\/de.linkedin.com\/company\/salloum-logistics-gmbh"]}]}},"_links":{"self":[{"href":"https:\/\/www.salloum.eu\/de\/wp-json\/wp\/v2\/pages\/36"}],"collection":[{"href":"https:\/\/www.salloum.eu\/de\/wp-json\/wp\/v2\/pages"}],"about":[{"href":"https:\/\/www.salloum.eu\/de\/wp-json\/wp\/v2\/types\/page"}],"author":[{"embeddable":true,"href":"https:\/\/www.salloum.eu\/de\/wp-json\/wp\/v2\/users\/1"}],"replies":[{"embeddable":true,"href":"https:\/\/www.salloum.eu\/de\/wp-json\/wp\/v2\/comments?post=36"}],"version-history":[{"count":18,"href":"https:\/\/www.salloum.eu\/de\/wp-json\/wp\/v2\/pages\/36\/revisions"}],"predecessor-version":[{"id":1157,"href":"https:\/\/www.salloum.eu\/de\/wp-json\/wp\/v2\/pages\/36\/revisions\/1157"}],"up":[{"embeddable":true,"href":"https:\/\/www.salloum.eu\/de\/wp-json\/wp\/v2\/pages\/26"}],"wp:attachment":[{"href":"https:\/\/www.salloum.eu\/de\/wp-json\/wp\/v2\/media?parent=36"}],"curies":[{"name":"wp","href":"https:\/\/api.w.org\/{rel}","templated":true}]}}