{"id":42,"date":"2021-05-04T15:46:43","date_gmt":"2021-05-04T13:46:43","guid":{"rendered":"https:\/\/www.salloum.eu\/?page_id=42"},"modified":"2022-11-29T12:38:25","modified_gmt":"2022-11-29T11:38:25","slug":"ausbildung","status":"publish","type":"page","link":"https:\/\/www.salloum.eu\/de\/karriere\/ausbildung\/","title":{"rendered":"Ausbildung"},"content":{"rendered":"","protected":false},"excerpt":{"rendered":"<p>Wir offerieren unseren zuk\u00fcnftigen Fach- und F\u00fchrungskr\u00e4ften eine abwechslungsreiche Ausbildung in der Logistik mit intensiver pers\u00f6nlicher Betreuung.<\/p>\n","protected":false},"author":1,"featured_media":0,"parent":28,"menu_order":0,"comment_status":"closed","ping_status":"closed","template":"","meta":{"_acf_changed":false,"footnotes":""},"class_list":["post-42","page","type-page","status-publish","hentry"],"acf":[],"yoast_head":"<!-- This site is optimized with the Yoast SEO plugin v23.0 - https:\/\/yoast.com\/wordpress\/plugins\/seo\/ -->\n<title>Ausbildung - Schon bald beginnt das neue Ausbildungsjahr<\/title>\n<meta name=\"description\" content=\"Wir offerieren unseren zuk\u00fcnftigen Fach- und F\u00fchrungskr\u00e4ften eine abwechslungsreiche Ausbildung in der Logistik mit intensiver pers\u00f6nlicher Betreuung.\" \/>\n<meta name=\"robots\" content=\"index, follow, max-snippet:-1, max-image-preview:large, max-video-preview:-1\" \/>\n<link rel=\"canonical\" href=\"https:\/\/www.salloum.eu\/de\/karriere\/ausbildung\/\" \/>\n<meta property=\"og:locale\" content=\"de_DE\" \/>\n<meta property=\"og:type\" content=\"article\" \/>\n<meta property=\"og:title\" content=\"Ausbildung - Schon bald beginnt das neue Ausbildungsjahr\" \/>\n<meta property=\"og:description\" content=\"Wir offerieren unseren zuk\u00fcnftigen Fach- und F\u00fchrungskr\u00e4ften eine abwechslungsreiche Ausbildung in der Logistik mit intensiver pers\u00f6nlicher Betreuung.\" \/>\n<meta property=\"og:url\" content=\"https:\/\/www.salloum.eu\/de\/karriere\/ausbildung\/\" \/>\n<meta property=\"og:site_name\" content=\"Salloum Logistics GmbH\" \/>\n<meta property=\"article:publisher\" content=\"https:\/\/www.facebook.com\/SalloumLogistics\" \/>\n<meta property=\"article:modified_time\" content=\"2022-11-29T11:38:25+00:00\" \/>\n<meta name=\"twitter:card\" content=\"summary_large_image\" \/>\n<script type=\"application\/ld+json\" class=\"yoast-schema-graph\">{\"@context\":\"https:\/\/schema.org\",\"@graph\":[{\"@type\":\"WebPage\",\"@id\":\"https:\/\/www.salloum.eu\/de\/karriere\/ausbildung\/\",\"url\":\"https:\/\/www.salloum.eu\/de\/karriere\/ausbildung\/\",\"name\":\"Ausbildung - Schon bald beginnt das neue Ausbildungsjahr\",\"isPartOf\":{\"@id\":\"https:\/\/www.salloum.eu\/#website\"},\"datePublished\":\"2021-05-04T13:46:43+00:00\",\"dateModified\":\"2022-11-29T11:38:25+00:00\",\"description\":\"Wir offerieren unseren zuk\u00fcnftigen Fach- und F\u00fchrungskr\u00e4ften eine abwechslungsreiche Ausbildung in der Logistik mit intensiver pers\u00f6nlicher Betreuung.\",\"breadcrumb\":{\"@id\":\"https:\/\/www.salloum.eu\/de\/karriere\/ausbildung\/#breadcrumb\"},\"inLanguage\":\"de\",\"potentialAction\":[{\"@type\":\"ReadAction\",\"target\":[\"https:\/\/www.salloum.eu\/de\/karriere\/ausbildung\/\"]}]},{\"@type\":\"BreadcrumbList\",\"@id\":\"https:\/\/www.salloum.eu\/de\/karriere\/ausbildung\/#breadcrumb\",\"itemListElement\":[{\"@type\":\"ListItem\",\"position\":1,\"name\":\"Startseite\",\"item\":\"https:\/\/www.salloum.eu\/de\/\"},{\"@type\":\"ListItem\",\"position\":2,\"name\":\"Karriere\",\"item\":\"https:\/\/www.salloum.eu\/karriere\/\"},{\"@type\":\"ListItem\",\"position\":3,\"name\":\"Ausbildung\"}]},{\"@type\":\"WebSite\",\"@id\":\"https:\/\/www.salloum.eu\/#website\",\"url\":\"https:\/\/www.salloum.eu\/\",\"name\":\"Salloum Logistics GmbH\",\"description\":\"\",\"publisher\":{\"@id\":\"https:\/\/www.salloum.eu\/#organization\"},\"potentialAction\":[{\"@type\":\"SearchAction\",\"target\":{\"@type\":\"EntryPoint\",\"urlTemplate\":\"https:\/\/www.salloum.eu\/?s={search_term_string}\"},\"query-input\":\"required name=search_term_string\"}],\"inLanguage\":\"de\"},{\"@type\":\"Organization\",\"@id\":\"https:\/\/www.salloum.eu\/#organization\",\"name\":\"Salloum Logistics GmbH\",\"url\":\"https:\/\/www.salloum.eu\/\",\"logo\":{\"@type\":\"ImageObject\",\"inLanguage\":\"de\",\"@id\":\"https:\/\/www.salloum.eu\/#\/schema\/logo\/image\/\",\"url\":\"https:\/\/www.salloum.eu\/wp-content\/uploads\/2021\/06\/salloum-standort.jpg\",\"contentUrl\":\"https:\/\/www.salloum.eu\/wp-content\/uploads\/2021\/06\/salloum-standort.jpg\",\"width\":1400,\"height\":673,\"caption\":\"Salloum Logistics GmbH\"},\"image\":{\"@id\":\"https:\/\/www.salloum.eu\/#\/schema\/logo\/image\/\"},\"sameAs\":[\"https:\/\/www.facebook.com\/SalloumLogistics\",\"https:\/\/www.instagram.com\/salloumlogistics\/?hl=de\",\"https:\/\/de.linkedin.com\/company\/salloum-logistics-gmbh\"]}]}<\/script>\n<!-- \/ Yoast SEO plugin. -->","yoast_head_json":{"title":"Ausbildung - Schon bald beginnt das neue Ausbildungsjahr","description":"Wir offerieren unseren zuk\u00fcnftigen Fach- und F\u00fchrungskr\u00e4ften eine abwechslungsreiche Ausbildung in der Logistik mit intensiver pers\u00f6nlicher Betreuung.","robots":{"index":"index","follow":"follow","max-snippet":"max-snippet:-1","max-image-preview":"max-image-preview:large","max-video-preview":"max-video-preview:-1"},"canonical":"https:\/\/www.salloum.eu\/de\/karriere\/ausbildung\/","og_locale":"de_DE","og_type":"article","og_title":"Ausbildung - Schon bald beginnt das neue Ausbildungsjahr","og_description":"Wir offerieren unseren zuk\u00fcnftigen Fach- und F\u00fchrungskr\u00e4ften eine abwechslungsreiche Ausbildung in der Logistik mit intensiver pers\u00f6nlicher Betreuung.","og_url":"https:\/\/www.salloum.eu\/de\/karriere\/ausbildung\/","og_site_name":"Salloum Logistics GmbH","article_publisher":"https:\/\/www.facebook.com\/SalloumLogistics","article_modified_time":"2022-11-29T11:38:25+00:00","twitter_card":"summary_large_image","schema":{"@context":"https:\/\/schema.org","@graph":[{"@type":"WebPage","@id":"https:\/\/www.salloum.eu\/de\/karriere\/ausbildung\/","url":"https:\/\/www.salloum.eu\/de\/karriere\/ausbildung\/","name":"Ausbildung - Schon bald beginnt das neue Ausbildungsjahr","isPartOf":{"@id":"https:\/\/www.salloum.eu\/#website"},"datePublished":"2021-05-04T13:46:43+00:00","dateModified":"2022-11-29T11:38:25+00:00","description":"Wir offerieren unseren zuk\u00fcnftigen Fach- und F\u00fchrungskr\u00e4ften eine abwechslungsreiche Ausbildung in der Logistik mit intensiver pers\u00f6nlicher Betreuung.","breadcrumb":{"@id":"https:\/\/www.salloum.eu\/de\/karriere\/ausbildung\/#breadcrumb"},"inLanguage":"de","potentialAction":[{"@type":"ReadAction","target":["https:\/\/www.salloum.eu\/de\/karriere\/ausbildung\/"]}]},{"@type":"BreadcrumbList","@id":"https:\/\/www.salloum.eu\/de\/karriere\/ausbildung\/#breadcrumb","itemListElement":[{"@type":"ListItem","position":1,"name":"Startseite","item":"https:\/\/www.salloum.eu\/de\/"},{"@type":"ListItem","position":2,"name":"Karriere","item":"https:\/\/www.salloum.eu\/karriere\/"},{"@type":"ListItem","position":3,"name":"Ausbildung"}]},{"@type":"WebSite","@id":"https:\/\/www.salloum.eu\/#website","url":"https:\/\/www.salloum.eu\/","name":"Salloum Logistics GmbH","description":"","publisher":{"@id":"https:\/\/www.salloum.eu\/#organization"},"potentialAction":[{"@type":"SearchAction","target":{"@type":"EntryPoint","urlTemplate":"https:\/\/www.salloum.eu\/?s={search_term_string}"},"query-input":"required name=search_term_string"}],"inLanguage":"de"},{"@type":"Organization","@id":"https:\/\/www.salloum.eu\/#organization","name":"Salloum Logistics GmbH","url":"https:\/\/www.salloum.eu\/","logo":{"@type":"ImageObject","inLanguage":"de","@id":"https:\/\/www.salloum.eu\/#\/schema\/logo\/image\/","url":"https:\/\/www.salloum.eu\/wp-content\/uploads\/2021\/06\/salloum-standort.jpg","contentUrl":"https:\/\/www.salloum.eu\/wp-content\/uploads\/2021\/06\/salloum-standort.jpg","width":1400,"height":673,"caption":"Salloum Logistics GmbH"},"image":{"@id":"https:\/\/www.salloum.eu\/#\/schema\/logo\/image\/"},"sameAs":["https:\/\/www.facebook.com\/SalloumLogistics","https:\/\/www.instagram.com\/salloumlogistics\/?hl=de","https:\/\/de.linkedin.com\/company\/salloum-logistics-gmbh"]}]}},"_links":{"self":[{"href":"https:\/\/www.salloum.eu\/de\/wp-json\/wp\/v2\/pages\/42"}],"collection":[{"href":"https:\/\/www.salloum.eu\/de\/wp-json\/wp\/v2\/pages"}],"about":[{"href":"https:\/\/www.salloum.eu\/de\/wp-json\/wp\/v2\/types\/page"}],"author":[{"embeddable":true,"href":"https:\/\/www.salloum.eu\/de\/wp-json\/wp\/v2\/users\/1"}],"replies":[{"embeddable":true,"href":"https:\/\/www.salloum.eu\/de\/wp-json\/wp\/v2\/comments?post=42"}],"version-history":[{"count":9,"href":"https:\/\/www.salloum.eu\/de\/wp-json\/wp\/v2\/pages\/42\/revisions"}],"predecessor-version":[{"id":1001,"href":"https:\/\/www.salloum.eu\/de\/wp-json\/wp\/v2\/pages\/42\/revisions\/1001"}],"up":[{"embeddable":true,"href":"https:\/\/www.salloum.eu\/de\/wp-json\/wp\/v2\/pages\/28"}],"wp:attachment":[{"href":"https:\/\/www.salloum.eu\/de\/wp-json\/wp\/v2\/media?parent=42"}],"curies":[{"name":"wp","href":"https:\/\/api.w.org\/{rel}","templated":true}]}}