{"id":5,"date":"2021-04-28T16:14:42","date_gmt":"2021-04-28T14:14:42","guid":{"rendered":"https:\/\/www.salloum.eu\/startseite\/"},"modified":"2024-08-06T12:56:41","modified_gmt":"2024-08-06T10:56:41","slug":"startseite","status":"publish","type":"page","link":"https:\/\/www.salloum.eu\/de\/","title":{"rendered":"Startseite"},"content":{"rendered":"","protected":false},"excerpt":{"rendered":"","protected":false},"author":1,"featured_media":0,"parent":0,"menu_order":0,"comment_status":"closed","ping_status":"closed","template":"","meta":{"_acf_changed":false,"footnotes":""},"class_list":["post-5","page","type-page","status-publish","hentry"],"acf":[],"yoast_head":"<!-- This site is optimized with the Yoast SEO plugin v23.0 - https:\/\/yoast.com\/wordpress\/plugins\/seo\/ -->\n<title>SALLOUM LOGISTICS GmbH - Ihr Spezialist f\u00fcr Autotransporte in Europa<\/title>\n<meta name=\"description\" content=\"ist spezialisiert auf die internationale Automobillogistik f\u00fcr die Fahrzeughersteller, Autovermietung, Leasingunternehmen und Autoh\u00e4user.\" \/>\n<meta name=\"robots\" content=\"index, follow, max-snippet:-1, max-image-preview:large, max-video-preview:-1\" \/>\n<link rel=\"canonical\" href=\"https:\/\/www.salloum.eu\/de\/\" \/>\n<meta property=\"og:locale\" content=\"de_DE\" \/>\n<meta property=\"og:type\" content=\"article\" \/>\n<meta property=\"og:title\" content=\"SALLOUM LOGISTICS GmbH - Ihr Spezialist f\u00fcr Autotransporte in Europa\" \/>\n<meta property=\"og:description\" content=\"ist spezialisiert auf die internationale Automobillogistik f\u00fcr die Fahrzeughersteller, Autovermietung, Leasingunternehmen und Autoh\u00e4user.\" \/>\n<meta property=\"og:url\" content=\"https:\/\/www.salloum.eu\/de\/\" \/>\n<meta property=\"og:site_name\" content=\"Salloum Logistics GmbH\" \/>\n<meta property=\"article:publisher\" content=\"https:\/\/www.facebook.com\/SalloumLogistics\" \/>\n<meta property=\"article:modified_time\" content=\"2024-08-06T10:56:41+00:00\" \/>\n<meta name=\"twitter:card\" content=\"summary_large_image\" \/>\n<meta name=\"twitter:label1\" content=\"Gesch\u00e4tzte Lesezeit\" \/>\n\t<meta name=\"twitter:data1\" content=\"3\u00a0Minuten\" \/>\n<script type=\"application\/ld+json\" class=\"yoast-schema-graph\">{\"@context\":\"https:\/\/schema.org\",\"@graph\":[{\"@type\":\"WebPage\",\"@id\":\"https:\/\/www.salloum.eu\/de\/\",\"url\":\"https:\/\/www.salloum.eu\/de\/\",\"name\":\"SALLOUM LOGISTICS GmbH - Ihr Spezialist f\u00fcr Autotransporte in Europa\",\"isPartOf\":{\"@id\":\"https:\/\/www.salloum.eu\/#website\"},\"datePublished\":\"2021-04-28T14:14:42+00:00\",\"dateModified\":\"2024-08-06T10:56:41+00:00\",\"description\":\"ist spezialisiert auf die internationale Automobillogistik f\u00fcr die Fahrzeughersteller, Autovermietung, Leasingunternehmen und Autoh\u00e4user.\",\"breadcrumb\":{\"@id\":\"https:\/\/www.salloum.eu\/de\/#breadcrumb\"},\"inLanguage\":\"de\",\"potentialAction\":[{\"@type\":\"ReadAction\",\"target\":[\"https:\/\/www.salloum.eu\/de\/\"]}]},{\"@type\":\"BreadcrumbList\",\"@id\":\"https:\/\/www.salloum.eu\/de\/#breadcrumb\",\"itemListElement\":[{\"@type\":\"ListItem\",\"position\":1,\"name\":\"Startseite\",\"item\":\"https:\/\/www.salloum.eu\/de\/\"},{\"@type\":\"ListItem\",\"position\":2,\"name\":\"Startseite\"}]},{\"@type\":\"WebSite\",\"@id\":\"https:\/\/www.salloum.eu\/#website\",\"url\":\"https:\/\/www.salloum.eu\/\",\"name\":\"Salloum Logistics GmbH\",\"description\":\"\",\"publisher\":{\"@id\":\"https:\/\/www.salloum.eu\/#organization\"},\"potentialAction\":[{\"@type\":\"SearchAction\",\"target\":{\"@type\":\"EntryPoint\",\"urlTemplate\":\"https:\/\/www.salloum.eu\/?s={search_term_string}\"},\"query-input\":\"required name=search_term_string\"}],\"inLanguage\":\"de\"},{\"@type\":\"Organization\",\"@id\":\"https:\/\/www.salloum.eu\/#organization\",\"name\":\"Salloum Logistics GmbH\",\"url\":\"https:\/\/www.salloum.eu\/\",\"logo\":{\"@type\":\"ImageObject\",\"inLanguage\":\"de\",\"@id\":\"https:\/\/www.salloum.eu\/#\/schema\/logo\/image\/\",\"url\":\"https:\/\/www.salloum.eu\/wp-content\/uploads\/2021\/06\/salloum-standort.jpg\",\"contentUrl\":\"https:\/\/www.salloum.eu\/wp-content\/uploads\/2021\/06\/salloum-standort.jpg\",\"width\":1400,\"height\":673,\"caption\":\"Salloum Logistics GmbH\"},\"image\":{\"@id\":\"https:\/\/www.salloum.eu\/#\/schema\/logo\/image\/\"},\"sameAs\":[\"https:\/\/www.facebook.com\/SalloumLogistics\",\"https:\/\/www.instagram.com\/salloumlogistics\/?hl=de\",\"https:\/\/de.linkedin.com\/company\/salloum-logistics-gmbh\"]}]}<\/script>\n<!-- \/ Yoast SEO plugin. -->","yoast_head_json":{"title":"SALLOUM LOGISTICS GmbH - Ihr Spezialist f\u00fcr Autotransporte in Europa","description":"ist spezialisiert auf die internationale Automobillogistik f\u00fcr die Fahrzeughersteller, Autovermietung, Leasingunternehmen und Autoh\u00e4user.","robots":{"index":"index","follow":"follow","max-snippet":"max-snippet:-1","max-image-preview":"max-image-preview:large","max-video-preview":"max-video-preview:-1"},"canonical":"https:\/\/www.salloum.eu\/de\/","og_locale":"de_DE","og_type":"article","og_title":"SALLOUM LOGISTICS GmbH - Ihr Spezialist f\u00fcr Autotransporte in Europa","og_description":"ist spezialisiert auf die internationale Automobillogistik f\u00fcr die Fahrzeughersteller, Autovermietung, Leasingunternehmen und Autoh\u00e4user.","og_url":"https:\/\/www.salloum.eu\/de\/","og_site_name":"Salloum Logistics GmbH","article_publisher":"https:\/\/www.facebook.com\/SalloumLogistics","article_modified_time":"2024-08-06T10:56:41+00:00","twitter_card":"summary_large_image","twitter_misc":{"Gesch\u00e4tzte Lesezeit":"3\u00a0Minuten"},"schema":{"@context":"https:\/\/schema.org","@graph":[{"@type":"WebPage","@id":"https:\/\/www.salloum.eu\/de\/","url":"https:\/\/www.salloum.eu\/de\/","name":"SALLOUM LOGISTICS GmbH - Ihr Spezialist f\u00fcr Autotransporte in Europa","isPartOf":{"@id":"https:\/\/www.salloum.eu\/#website"},"datePublished":"2021-04-28T14:14:42+00:00","dateModified":"2024-08-06T10:56:41+00:00","description":"ist spezialisiert auf die internationale Automobillogistik f\u00fcr die Fahrzeughersteller, Autovermietung, Leasingunternehmen und Autoh\u00e4user.","breadcrumb":{"@id":"https:\/\/www.salloum.eu\/de\/#breadcrumb"},"inLanguage":"de","potentialAction":[{"@type":"ReadAction","target":["https:\/\/www.salloum.eu\/de\/"]}]},{"@type":"BreadcrumbList","@id":"https:\/\/www.salloum.eu\/de\/#breadcrumb","itemListElement":[{"@type":"ListItem","position":1,"name":"Startseite","item":"https:\/\/www.salloum.eu\/de\/"},{"@type":"ListItem","position":2,"name":"Startseite"}]},{"@type":"WebSite","@id":"https:\/\/www.salloum.eu\/#website","url":"https:\/\/www.salloum.eu\/","name":"Salloum Logistics GmbH","description":"","publisher":{"@id":"https:\/\/www.salloum.eu\/#organization"},"potentialAction":[{"@type":"SearchAction","target":{"@type":"EntryPoint","urlTemplate":"https:\/\/www.salloum.eu\/?s={search_term_string}"},"query-input":"required name=search_term_string"}],"inLanguage":"de"},{"@type":"Organization","@id":"https:\/\/www.salloum.eu\/#organization","name":"Salloum Logistics GmbH","url":"https:\/\/www.salloum.eu\/","logo":{"@type":"ImageObject","inLanguage":"de","@id":"https:\/\/www.salloum.eu\/#\/schema\/logo\/image\/","url":"https:\/\/www.salloum.eu\/wp-content\/uploads\/2021\/06\/salloum-standort.jpg","contentUrl":"https:\/\/www.salloum.eu\/wp-content\/uploads\/2021\/06\/salloum-standort.jpg","width":1400,"height":673,"caption":"Salloum Logistics GmbH"},"image":{"@id":"https:\/\/www.salloum.eu\/#\/schema\/logo\/image\/"},"sameAs":["https:\/\/www.facebook.com\/SalloumLogistics","https:\/\/www.instagram.com\/salloumlogistics\/?hl=de","https:\/\/de.linkedin.com\/company\/salloum-logistics-gmbh"]}]}},"_links":{"self":[{"href":"https:\/\/www.salloum.eu\/de\/wp-json\/wp\/v2\/pages\/5"}],"collection":[{"href":"https:\/\/www.salloum.eu\/de\/wp-json\/wp\/v2\/pages"}],"about":[{"href":"https:\/\/www.salloum.eu\/de\/wp-json\/wp\/v2\/types\/page"}],"author":[{"embeddable":true,"href":"https:\/\/www.salloum.eu\/de\/wp-json\/wp\/v2\/users\/1"}],"replies":[{"embeddable":true,"href":"https:\/\/www.salloum.eu\/de\/wp-json\/wp\/v2\/comments?post=5"}],"version-history":[{"count":44,"href":"https:\/\/www.salloum.eu\/de\/wp-json\/wp\/v2\/pages\/5\/revisions"}],"predecessor-version":[{"id":1145,"href":"https:\/\/www.salloum.eu\/de\/wp-json\/wp\/v2\/pages\/5\/revisions\/1145"}],"wp:attachment":[{"href":"https:\/\/www.salloum.eu\/de\/wp-json\/wp\/v2\/media?parent=5"}],"curies":[{"name":"wp","href":"https:\/\/api.w.org\/{rel}","templated":true}]}}